{"id":21,"date":"2012-06-21T07:45:41","date_gmt":"2012-06-21T07:45:41","guid":{"rendered":"http:\/\/localhost\/the_practice\/?page_id=21"},"modified":"2019-06-07T11:14:07","modified_gmt":"2019-06-07T14:14:07","slug":"contact","status":"publish","type":"page","link":"https:\/\/www.alyneandrade.com.br\/?page_id=21","title":{"rendered":"Contato"},"content":{"rendered":"<div class=\"tf-flash-messages\"><\/div>\n\n\nSe voc\u00ea possui interesse na nossa palestra ou em algum servi\u00e7o sobre o qual gostaria de conversar, preencha o formul\u00e1rio abaixo e n\u00f3s responderemos em at\u00e9 48 horas.\n\n","protected":false},"excerpt":{"rendered":"<p>Se voc\u00ea possui interesse na nossa palestra ou em algum servi\u00e7o sobre o qual gostaria de conversar, preencha o formul\u00e1rio abaixo e n\u00f3s responderemos em at\u00e9 48 horas.<\/p>\n","protected":false},"author":1,"featured_media":0,"parent":0,"menu_order":0,"comment_status":"open","ping_status":"open","template":"template-contact.php","meta":{"footnotes":""},"class_list":["post-21","page","type-page","status-publish","hentry"],"_links":{"self":[{"href":"https:\/\/www.alyneandrade.com.br\/index.php?rest_route=\/wp\/v2\/pages\/21","targetHints":{"allow":["GET"]}}],"collection":[{"href":"https:\/\/www.alyneandrade.com.br\/index.php?rest_route=\/wp\/v2\/pages"}],"about":[{"href":"https:\/\/www.alyneandrade.com.br\/index.php?rest_route=\/wp\/v2\/types\/page"}],"author":[{"embeddable":true,"href":"https:\/\/www.alyneandrade.com.br\/index.php?rest_route=\/wp\/v2\/users\/1"}],"replies":[{"embeddable":true,"href":"https:\/\/www.alyneandrade.com.br\/index.php?rest_route=%2Fwp%2Fv2%2Fcomments&post=21"}],"version-history":[{"count":10,"href":"https:\/\/www.alyneandrade.com.br\/index.php?rest_route=\/wp\/v2\/pages\/21\/revisions"}],"predecessor-version":[{"id":752,"href":"https:\/\/www.alyneandrade.com.br\/index.php?rest_route=\/wp\/v2\/pages\/21\/revisions\/752"}],"wp:attachment":[{"href":"https:\/\/www.alyneandrade.com.br\/index.php?rest_route=%2Fwp%2Fv2%2Fmedia&parent=21"}],"curies":[{"name":"wp","href":"https:\/\/api.w.org\/{rel}","templated":true}]}}