{"id":2,"date":"2012-11-14T16:37:32","date_gmt":"2012-11-14T16:37:32","guid":{"rendered":"http:\/\/www.alyneandrade.com.br\/?page_id=2"},"modified":"2019-09-17T16:47:30","modified_gmt":"2019-09-17T19:47:30","slug":"sample-page","status":"publish","type":"page","link":"https:\/\/www.alyneandrade.com.br\/?page_id=2","title":{"rendered":"Web Summit 2019"},"content":{"rendered":"<div class=\"tf-flash-messages\"><\/div>\n<p><strong>Link com informa\u00e7\u00f5es<\/strong>:&nbsp;<a href=\"https:\/\/www.trielotur.com.br\/websummit\/\" target=\"_blank\" rel=\"noreferrer noopener\">https:\/\/www.trielotur.com.br\/websummit\/<\/a><\/p>\n<p><strong>Contatos<\/strong>: Alyne Andrade \u2013 email:&nbsp;<a href=\"mailto:alyne@alyneandrade.com.br\" target=\"_blank\" rel=\"noreferrer noopener\">alyne@alyneandrade.com.br<\/a>; telefone: +5581999254797<\/p>\n<p><strong>Instagram<\/strong>: @alyne_marcasepatentes; @urbanovitalinoadv; @trielotur<\/p>\n<p><strong>Roteiros<\/strong>: 10 e 12 dias<\/p>\n<\/p>\n<p>A Miss\u00e3o Web Summit Lisboa 2019\u00a0acontece de 3 a 9 de Novembro em Lisboa. \u00c9 uma miss\u00e3o de neg\u00f3cios, tecnologia e inova\u00e7\u00e3o que vai conectar\u00a0<em>startups<\/em>\u00a0e empres\u00e1rios brasileiros com o ecossistema empreendedor da capital portuguesa que figura entre uma das melhores regi\u00f5es na Europa para cria\u00e7\u00e3o de empresas.<\/p>\n<p><strong>Diferenciais da Miss\u00e3o Web Summit Lisboa 2019<\/strong><\/p>\n<p>\u00b7&nbsp;&nbsp;&nbsp;&nbsp;&nbsp;&nbsp;&nbsp;&nbsp;&nbsp;Ingresso Web Summit em condi\u00e7\u00f5es especiais (vendido separadamente ao Pacote T\u00e9cnico);<\/p>\n<p>\u00b7&nbsp;&nbsp;&nbsp;&nbsp;&nbsp;&nbsp;&nbsp;&nbsp;&nbsp;Agenda exclusiva com visita \u00e0 Torre de Bel\u00e9m recepcionada pelo Exmo. Sr. Presidente da Rep\u00fablica Portuguesa, Marcelo Rebelo de Sousa<\/p>\n<p>\u00b7&nbsp;&nbsp;&nbsp;&nbsp;&nbsp;&nbsp;&nbsp;&nbsp;&nbsp;Visitas \u00e0s maiores aceleradoras e incubadoras de Portugal;<\/p>\n<p>\u00b7&nbsp;&nbsp;&nbsp;&nbsp;&nbsp;&nbsp;&nbsp;&nbsp;&nbsp;Encontro com investidores (businesss angels e venture capitals);<\/p>\n<p>\u00b7&nbsp;&nbsp;&nbsp;&nbsp;&nbsp;&nbsp;&nbsp;&nbsp;&nbsp;Apresenta\u00e7\u00e3o dos principais incentivos financeiros e tribut\u00e1rios para novos neg\u00f3cios em Portugal;<\/p>\n<p>\u00b7&nbsp;&nbsp;&nbsp;&nbsp;&nbsp;&nbsp;&nbsp;&nbsp;&nbsp;Visitas t\u00e9cnicas \u00e0s duas maiores startups portuguesas (unic\u00f3rnios);<\/p>\n<p>\u00b7&nbsp;&nbsp;&nbsp;&nbsp;&nbsp;&nbsp;&nbsp;&nbsp;&nbsp;Visitas t\u00e9cnicas diferenciadas para os participantes das Verticais HealthTech, EduTech e Real Estate no dia 8 de novembro;<\/p>\n<p>\u00b7&nbsp;&nbsp;&nbsp;&nbsp;&nbsp;&nbsp;&nbsp;&nbsp;&nbsp;Reuni\u00e3o com l\u00edderes do governo portugu\u00eas na \u00e1rea de inova\u00e7\u00e3o e empreendedorismo (secret\u00e1rios de estado, Portugal Venture, Startup Portugal, PME Investimentos entre outros);<\/p>\n<p>\u00b7&nbsp;&nbsp;&nbsp;&nbsp;&nbsp;&nbsp;&nbsp;&nbsp;&nbsp;Agenda personalizada com sugest\u00e3o de palestras e atividades para maximizar a participa\u00e7\u00e3o no evento;<\/p>\n<p>\u00b7&nbsp;&nbsp;&nbsp;&nbsp;&nbsp;&nbsp;&nbsp;&nbsp;&nbsp;Networking \u00fanico entre os participantes da miss\u00e3o.<\/p>\n<h4 class=\"wp-block-heading\"><strong>Sobre o Web Summit<\/strong><\/h4>\n<p>O Web Summit \u00e9 a maior confer\u00eancia de tecnologia, inova\u00e7\u00e3o e empreendedorismo do mundo que acontece de 3 a 9 de novembro em Lisboa. \u00c9 uma oportunidade \u00fanica para conhecer os l\u00edderes empresariais e investidores de classe mundial que v\u00e3o estar excepcionalmente em Portugal nessa semana, bem como para fazer networking com empreendedores de outros pa\u00edses, de onde podem nascer eventuais parcerias.<\/p>\n<p>Cada dia contar\u00e1 com palestras e workshops diferentes, bem como startups distintas apresentando seus projetos e uma grande rotatividade de pessoas das \u00e1reas de tecnologia e inova\u00e7\u00e3o do mundo todo.<\/p>\n<p><strong>O que posso esperar desse evento?<\/strong><\/p>\n<p>O Web Summit reserva milhares de oportunidades para seus participantes. Como experi\u00eancia, j\u00e1 vimos de tudo acontecendo nesse tipo de evento &#8211; desde a simples venda de produtos at\u00e9 investimentos sendo fechados. No evento, voc\u00ea ter\u00e1 acesso a:<\/p>\n<p>+ 70.000 pessoas<\/p>\n<p>+ 1.500 investidores<\/p>\n<p>+ 650 Palestras com refer\u00eancias mundiais<\/p>\n<p>+ 100 startups exibindo seus produtos<\/p>\n<h4 class=\"wp-block-heading\"><strong>Hospedagem, a\u00e9reo, alimenta\u00e7\u00e3o, traslados e seguro de sa\u00fade<\/strong><\/h4>\n<p>\u00b7&nbsp;&nbsp;&nbsp;&nbsp;&nbsp;&nbsp;&nbsp;&nbsp;&nbsp;Os traslados durante as visitas t\u00e9cnicas programadas est\u00e3o inclu\u00eddos;<\/p>\n<p>\u00b7&nbsp;&nbsp;&nbsp;&nbsp;&nbsp;&nbsp;&nbsp;&nbsp;&nbsp;No aplicativo da miss\u00e3o ser\u00e1 poss\u00edvel ver a agenda detalhada com todos os endere\u00e7os;<\/p>\n<p>\u00b7\u00a0\u00a0\u00a0\u00a0\u00a0\u00a0\u00a0\u00a0\u00a0A\u00e9reo, hot\u00e9is, transfer do aeroporto, seguro e alimenta\u00e7\u00e3o N\u00c3O est\u00e3o inclusos;<\/p>\n<\/p>\n<p><strong>CRONOGRAMA<\/strong><\/p>\n<p><strong>03\/11<\/strong><\/p>\n<p><strong>16:00<\/strong><\/p>\n<p>Visita T\u00e9cnica<\/p>\n<p>Nova SBE &#8211; Nova School of Business &amp; Economics<\/p>\n<p><strong>19:00<\/strong><\/p>\n<p>Happy Hour<\/p>\n<p>Bossa Nova Investimentos<\/p>\n<p><strong>04\/11<\/strong><\/p>\n<p><strong>09:00<\/strong><\/p>\n<p>Miss\u00e3o WS19<\/p>\n<p>(Abertura Oficial) EDP &#8211; Ser\u00e3o abordados temas sobre o &#8220;how to do business in Portugal&#8221;, aspectos da macro-economia, investimentos, cultura e inova\u00e7\u00e3o<\/p>\n<p><strong>13:00<\/strong><\/p>\n<p>Almo\u00e7o Livre<\/p>\n<p>Time Out | Mercado da Ribeira<\/p>\n<p><strong>15:00<\/strong><\/p>\n<p>Visita T\u00e9cnica<\/p>\n<p>Startup FARFETCH<\/p>\n<p><strong>17:00<\/strong><\/p>\n<p>Web Summit<\/p>\n<p>Abertura Oficial<\/p>\n<p><strong>19:00<\/strong><\/p>\n<p>Night Summit<\/p>\n<p>Altice Arena<\/p>\n<p><strong>05\/11<\/strong><\/p>\n<p><strong>09:00<\/strong><\/p>\n<p>Web Summit<\/p>\n<p><strong>13:00<\/strong><\/p>\n<p>Almo\u00e7o Livre<\/p>\n<p><strong>14:00<\/strong><\/p>\n<p>Web Summit<\/p>\n<p><strong>18:30<\/strong><\/p>\n<p>Recep\u00e7\u00e3o Presidencial &#8211; Torre de Bel\u00e9m<\/p>\n<p>Marcelo Rebelo de Sousa, presidente da Rep\u00fablica Portuguesa<\/p>\n<p><strong>21:00<\/strong><\/p>\n<p>Night Summit<\/p>\n<p>Pink Avenue &amp; Cais do Sodr\u00e9<\/p>\n<p><strong>06\/11<\/strong><\/p>\n<p><strong>09:00<\/strong><\/p>\n<p>Web Summit<\/p>\n<p><strong>13:00<\/strong><\/p>\n<p>Almo\u00e7o Livre<\/p>\n<p><strong>14:00<\/strong><\/p>\n<p>Web Summit<\/p>\n<p><strong>17:00<\/strong><\/p>\n<p>Happy Hour<\/p>\n<p>SRS Advogados<\/p>\n<p><strong>19:00<\/strong><\/p>\n<p>Night Summit<\/p>\n<p>Lx Factory<\/p>\n<p><strong>07\/11<\/strong><\/p>\n<p><strong>09:00<\/strong><\/p>\n<p>Web Summit<\/p>\n<p><strong>13:00<\/strong><\/p>\n<p>Almo\u00e7o Livre<\/p>\n<p><strong>14:00<\/strong><\/p>\n<p>Web Summit<\/p>\n<p><strong>17:00<\/strong><\/p>\n<p>Happy Hour<\/p>\n<p>BCP Millennium<\/p>\n<p><strong>08\/11<\/strong><\/p>\n<p><strong>09:00<\/strong><\/p>\n<p>Visita T\u00e9cnica<\/p>\n<p>Casa do Impacto | Santa Casa<\/p>\n<p><strong>11:00<\/strong><\/p>\n<p>Visita T\u00e9cnica<\/p>\n<p>Invest Lisboa<\/p>\n<p><strong>13:00<\/strong><\/p>\n<p>Almo\u00e7o Livre<\/p>\n<p><strong>15:00<\/strong><\/p>\n<p>Visitas T\u00e9cnica<\/p>\n<p>NOW Beato &amp; Factory Lisboa<\/p>\n<p><strong>16:30<\/strong><\/p>\n<p>Visita T\u00e9cnica<\/p>\n<p>Co-work Now Beato<\/p>\n<p><strong>19:00<\/strong><\/p>\n<p>Happy Hour<\/p>\n<p>Lx Factory<\/p>\n<p><strong>09\/11<\/strong><\/p>\n<p><strong>10:30<\/strong><\/p>\n<p>Visita T\u00e9cnica<\/p>\n<p>Vin\u00edcola Bacalh\u00f4a (degusta\u00e7\u00e3o de vinhos)<\/p>\n<p><strong>13:00<\/strong><\/p>\n<p>Almo\u00e7o Livre<\/p>\n<p>Encerramento Oficial da MWS19<\/p>\n","protected":false},"excerpt":{"rendered":"<p>Link com informa\u00e7\u00f5es:&nbsp;https:\/\/www.trielotur.com.br\/websummit\/ Contatos: Alyne Andrade \u2013 email:&nbsp;alyne@alyneandrade.com.br; telefone: +5581999254797 Instagram: @alyne_marcasepatentes; @urbanovitalinoadv; @trielotur Roteiros: 10 e 12 dias A Miss\u00e3o Web Summit Lisboa 2019\u00a0acontece de 3 a 9 de Novembro em Lisboa. \u00c9 uma miss\u00e3o de neg\u00f3cios, tecnologia e inova\u00e7\u00e3o que vai conectar\u00a0startups\u00a0e empres\u00e1rios brasileiros com o ecossistema empreendedor da capital portuguesa que figura.<\/p>\n","protected":false},"author":1,"featured_media":0,"parent":0,"menu_order":0,"comment_status":"closed","ping_status":"open","template":"","meta":{"footnotes":""},"class_list":["post-2","page","type-page","status-publish","hentry"],"_links":{"self":[{"href":"https:\/\/www.alyneandrade.com.br\/index.php?rest_route=\/wp\/v2\/pages\/2","targetHints":{"allow":["GET"]}}],"collection":[{"href":"https:\/\/www.alyneandrade.com.br\/index.php?rest_route=\/wp\/v2\/pages"}],"about":[{"href":"https:\/\/www.alyneandrade.com.br\/index.php?rest_route=\/wp\/v2\/types\/page"}],"author":[{"embeddable":true,"href":"https:\/\/www.alyneandrade.com.br\/index.php?rest_route=\/wp\/v2\/users\/1"}],"replies":[{"embeddable":true,"href":"https:\/\/www.alyneandrade.com.br\/index.php?rest_route=%2Fwp%2Fv2%2Fcomments&post=2"}],"version-history":[{"count":5,"href":"https:\/\/www.alyneandrade.com.br\/index.php?rest_route=\/wp\/v2\/pages\/2\/revisions"}],"predecessor-version":[{"id":845,"href":"https:\/\/www.alyneandrade.com.br\/index.php?rest_route=\/wp\/v2\/pages\/2\/revisions\/845"}],"wp:attachment":[{"href":"https:\/\/www.alyneandrade.com.br\/index.php?rest_route=%2Fwp%2Fv2%2Fmedia&parent=2"}],"curies":[{"name":"wp","href":"https:\/\/api.w.org\/{rel}","templated":true}]}}